{"id":1679,"date":"2023-06-02T22:22:08","date_gmt":"2023-06-02T22:22:08","guid":{"rendered":"https:\/\/molcomunicaciones.com.ar\/?page_id=1679"},"modified":"2025-06-09T15:31:43","modified_gmt":"2025-06-09T15:31:43","slug":"quienes-somos","status":"publish","type":"page","link":"https:\/\/molcomunicaciones.com.ar\/index.php\/quienes-somos\/","title":{"rendered":"Quienes Somos"},"content":{"rendered":"\t\t<div data-elementor-type=\"wp-page\" data-elementor-id=\"1679\" class=\"elementor elementor-1679\">\n\t\t\t\t\t\t<section class=\"elementor-section elementor-top-section elementor-element elementor-element-6a6603f elementor-section-stretched elementor-section-boxed elementor-section-height-default elementor-section-height-default\" data-id=\"6a6603f\" data-element_type=\"section\" data-settings=\"{&quot;stretch_section&quot;:&quot;section-stretched&quot;}\">\n\t\t\t\t\t\t<div class=\"elementor-container elementor-column-gap-default\">\n\t\t\t\t\t<div class=\"elementor-column elementor-col-50 elementor-top-column elementor-element elementor-element-c22d699\" data-id=\"c22d699\" data-element_type=\"column\">\n\t\t\t<div class=\"elementor-widget-wrap elementor-element-populated\">\n\t\t\t\t\t\t<div class=\"elementor-element elementor-element-e997028 elementor-widget elementor-widget-spacer\" data-id=\"e997028\" data-element_type=\"widget\" data-widget_type=\"spacer.default\">\n\t\t\t\t<div class=\"elementor-widget-container\">\n\t\t\t\t\t\t\t<div class=\"elementor-spacer\">\n\t\t\t<div class=\"elementor-spacer-inner\"><\/div>\n\t\t<\/div>\n\t\t\t\t\t\t<\/div>\n\t\t\t\t<\/div>\n\t\t\t\t<div class=\"elementor-element elementor-element-003e685 elementor-widget elementor-widget-heading\" data-id=\"003e685\" data-element_type=\"widget\" data-widget_type=\"heading.default\">\n\t\t\t\t<div class=\"elementor-widget-container\">\n\t\t\t\t\t<h2 class=\"elementor-heading-title elementor-size-default\">La empresa<\/h2>\t\t\t\t<\/div>\n\t\t\t\t<\/div>\n\t\t\t\t<div class=\"elementor-element elementor-element-440ab95 elementor-widget elementor-widget-heading\" data-id=\"440ab95\" data-element_type=\"widget\" data-widget_type=\"heading.default\">\n\t\t\t\t<div class=\"elementor-widget-container\">\n\t\t\t\t\t<h3 class=\"elementor-heading-title elementor-size-default\">M\u00e1s de 20 a\u00f1os de experiencia avalan nuestro compromiso atendiendo al gremio.<\/h3>\t\t\t\t<\/div>\n\t\t\t\t<\/div>\n\t\t\t\t<div class=\"elementor-element elementor-element-4c84141 elementor-widget elementor-widget-text-editor\" data-id=\"4c84141\" data-element_type=\"widget\" data-widget_type=\"text-editor.default\">\n\t\t\t\t<div class=\"elementor-widget-container\">\n\t\t\t\t\t\t\t\t\t<p>Nos especializamos en el cambio de vidrios y refurbished de modulos de samsung , motorola y iphone.<\/p><p>Cambio de tapa trasera de iphone (con laser).<\/p>\t\t\t\t\t\t\t\t<\/div>\n\t\t\t\t<\/div>\n\t\t\t\t<div class=\"elementor-element elementor-element-2a416c4 elementor-widget elementor-widget-text-editor\" data-id=\"2a416c4\" data-element_type=\"widget\" data-widget_type=\"text-editor.default\">\n\t\t\t\t<div class=\"elementor-widget-container\">\n\t\t\t\t\t\t\t\t\t<p>Contamos con los mejores precios del mercado. Atenci\u00f3n personalizada, soporte y asistencia t\u00e9cnica especializada. El mejor servicio garantizado con precios especiales para el gremio. Solicite su adhesi\u00f3n y conozca las ventajas de contar con un servicio profesional, respaldado por MOL Comunicaciones.<\/p>\t\t\t\t\t\t\t\t<\/div>\n\t\t\t\t<\/div>\n\t\t\t\t<div class=\"elementor-element elementor-element-8345cbc elementor-widget elementor-widget-button\" data-id=\"8345cbc\" data-element_type=\"widget\" data-widget_type=\"button.default\">\n\t\t\t\t<div class=\"elementor-widget-container\">\n\t\t\t\t\t\t\t\t\t<div class=\"elementor-button-wrapper\">\n\t\t\t\t\t<a class=\"elementor-button elementor-button-link elementor-size-sm\" href=\"https:\/\/molcomunicaciones.com.ar\/index.php\/contacto\/\">\n\t\t\t\t\t\t<span class=\"elementor-button-content-wrapper\">\n\t\t\t\t\t\t\t\t\t<span class=\"elementor-button-text\">Contactar<\/span>\n\t\t\t\t\t<\/span>\n\t\t\t\t\t<\/a>\n\t\t\t\t<\/div>\n\t\t\t\t\t\t\t\t<\/div>\n\t\t\t\t<\/div>\n\t\t\t\t\t<\/div>\n\t\t<\/div>\n\t\t\t\t<div class=\"elementor-column elementor-col-50 elementor-top-column elementor-element elementor-element-d36104f\" data-id=\"d36104f\" data-element_type=\"column\">\n\t\t\t<div class=\"elementor-widget-wrap elementor-element-populated\">\n\t\t\t\t\t\t<div class=\"elementor-element elementor-element-286736f elementor-widget elementor-widget-image\" data-id=\"286736f\" data-element_type=\"widget\" data-widget_type=\"image.default\">\n\t\t\t\t<div class=\"elementor-widget-container\">\n\t\t\t\t\t\t\t\t\t\t\t\t\t\t\t<img fetchpriority=\"high\" decoding=\"async\" width=\"819\" height=\"1024\" src=\"https:\/\/molcomunicaciones.com.ar\/wp-content\/uploads\/2023\/06\/derecha-819x1024.png\" class=\"attachment-large size-large wp-image-1682\" alt=\"\" srcset=\"https:\/\/molcomunicaciones.com.ar\/wp-content\/uploads\/2023\/06\/derecha-819x1024.png 819w, https:\/\/molcomunicaciones.com.ar\/wp-content\/uploads\/2023\/06\/derecha-240x300.png 240w, https:\/\/molcomunicaciones.com.ar\/wp-content\/uploads\/2023\/06\/derecha-768x960.png 768w, https:\/\/molcomunicaciones.com.ar\/wp-content\/uploads\/2023\/06\/derecha-600x750.png 600w, https:\/\/molcomunicaciones.com.ar\/wp-content\/uploads\/2023\/06\/derecha.png 960w\" sizes=\"(max-width: 819px) 100vw, 819px\" \/>\t\t\t\t\t\t\t\t\t\t\t\t\t\t\t<\/div>\n\t\t\t\t<\/div>\n\t\t\t\t\t<\/div>\n\t\t<\/div>\n\t\t\t\t\t<\/div>\n\t\t<\/section>\n\t\t\t\t<\/div>\n\t\t","protected":false},"excerpt":{"rendered":"<p>La empresa M\u00e1s de 20 a\u00f1os de experiencia avalan nuestro compromiso atendiendo al gremio. Nos especializamos en el cambio de&#8230;<\/p>\n","protected":false},"author":1,"featured_media":0,"parent":0,"menu_order":0,"comment_status":"closed","ping_status":"closed","template":"","meta":{"footnotes":""},"class_list":["post-1679","page","type-page","status-publish","hentry"],"post-meta":{"_edit_lock":["1749483135:4"],"_edit_last":["1"],"site-container":["default"],"site-header-transparent":["default"],"site-page-header":["default"],"site-sidebar":["default"],"_elementor_edit_mode":["builder"],"_elementor_template_type":["wp-page"],"_elementor_version":["3.29.2"],"_elementor_data":["[{\"id\":\"6a6603f\",\"elType\":\"section\",\"settings\":{\"structure\":\"20\",\"margin\":{\"unit\":\"px\",\"top\":\"0\",\"right\":0,\"bottom\":\"120\",\"left\":0,\"isLinked\":false},\"stretch_section\":\"section-stretched\"},\"elements\":[{\"id\":\"c22d699\",\"elType\":\"column\",\"settings\":{\"_column_size\":50,\"_inline_size\":null},\"elements\":[{\"id\":\"e997028\",\"elType\":\"widget\",\"settings\":{\"space_mobile\":{\"unit\":\"px\",\"size\":0},\"space\":{\"unit\":\"px\",\"size\":20}},\"elements\":[],\"widgetType\":\"spacer\"},{\"id\":\"003e685\",\"elType\":\"widget\",\"settings\":{\"title\":\"La empresa\",\"title_color\":\"#d21515\",\"typography_typography\":\"custom\",\"typography_font_family\":\"Playfair Display\",\"typography_font_size\":{\"unit\":\"px\",\"size\":14},\"typography_font_weight\":\"400\",\"_margin\":{\"unit\":\"px\",\"top\":\"0\",\"right\":\"0\",\"bottom\":\"20\",\"left\":\"0\",\"isLinked\":false}},\"elements\":[],\"widgetType\":\"heading\"},{\"id\":\"440ab95\",\"elType\":\"widget\",\"settings\":{\"title\":\"M\\u00e1s de 20 a\\u00f1os de experiencia avalan nuestro compromiso atendiendo al gremio.\",\"header_size\":\"h3\",\"typography_typography\":\"custom\",\"_margin\":{\"unit\":\"px\",\"top\":\"0\",\"right\":\"0\",\"bottom\":\"0\",\"left\":\"0\",\"isLinked\":false},\"title_color\":\"#494949\",\"typography_font_family\":\"PT Sans\",\"typography_font_size\":{\"unit\":\"px\",\"size\":30},\"typography_font_weight\":\"400\",\"typography_line_height\":{\"unit\":\"px\",\"size\":48}},\"elements\":[],\"widgetType\":\"heading\"},{\"id\":\"4c84141\",\"elType\":\"widget\",\"settings\":{\"editor\":\"<p>Nos especializamos en el cambio de vidrios y refurbished de modulos de samsung , motorola y iphone.<\\\/p><p>Cambio de tapa trasera de iphone (con laser).<\\\/p>\",\"_margin\":{\"unit\":\"px\",\"top\":\"020\",\"right\":\"40\",\"bottom\":\"20\",\"left\":\"0\",\"isLinked\":false}},\"elements\":[],\"widgetType\":\"text-editor\"},{\"id\":\"2a416c4\",\"elType\":\"widget\",\"settings\":{\"editor\":\"<p>Contamos con los mejores precios del mercado. Atenci\\u00f3n personalizada, soporte y asistencia t\\u00e9cnica especializada. El mejor servicio garantizado con precios especiales para el gremio. Solicite su adhesi\\u00f3n y conozca las ventajas de contar con un servicio profesional, respaldado por MOL Comunicaciones.<\\\/p>\",\"_margin\":{\"unit\":\"px\",\"top\":\"0\",\"right\":\"40\",\"bottom\":\"40\",\"left\":\"0\",\"isLinked\":false}},\"elements\":[],\"widgetType\":\"text-editor\"},{\"id\":\"8345cbc\",\"elType\":\"widget\",\"settings\":{\"text\":\"Contactar\",\"typography_typography\":\"custom\",\"typography_font_family\":\"PT Sans\",\"typography_font_weight\":\"bold\",\"background_color\":\"#d21515\",\"border_radius\":{\"unit\":\"px\",\"top\":\"0\",\"right\":\"0\",\"bottom\":\"0\",\"left\":\"0\",\"isLinked\":true},\"link\":{\"url\":\"https:\\\/\\\/molcomunicaciones.com.ar\\\/index.php\\\/contacto\\\/\",\"is_external\":\"\",\"nofollow\":\"\",\"custom_attributes\":\"\"}},\"elements\":[],\"widgetType\":\"button\"}],\"isInner\":false},{\"id\":\"d36104f\",\"elType\":\"column\",\"settings\":{\"_column_size\":50,\"_inline_size\":null},\"elements\":[{\"id\":\"286736f\",\"elType\":\"widget\",\"settings\":{\"image\":{\"id\":1682,\"url\":\"https:\\\/\\\/molcomunicaciones.com.ar\\\/wp-content\\\/uploads\\\/2023\\\/06\\\/derecha.png\",\"alt\":\"\",\"source\":\"library\",\"size\":\"\"}},\"elements\":[],\"widgetType\":\"image\"}],\"isInner\":false}],\"isInner\":false}]"],"_wp_page_template":["default"],"_elementor_page_assets":["a:2:{s:6:\"styles\";a:3:{i:0;s:13:\"widget-spacer\";i:1;s:14:\"widget-heading\";i:2;s:12:\"widget-image\";}s:7:\"scripts\";a:1:{i:0;s:18:\"elementor-frontend\";}}"],"_elementor_css":["a:6:{s:4:\"time\";i:1774887822;s:5:\"fonts\";a:2:{i:0;s:16:\"Playfair Display\";i:1;s:7:\"PT Sans\";}s:5:\"icons\";a:1:{i:0;s:0:\"\";}s:20:\"dynamic_elements_ids\";a:0:{}s:6:\"status\";s:4:\"file\";i:0;s:0:\"\";}"],"_elementor_element_cache":["{\"timeout\":1776027338,\"value\":{\"content\":\"\\t\\t<section class=\\\"elementor-section elementor-top-section elementor-element elementor-element-6a6603f elementor-section-stretched elementor-section-boxed elementor-section-height-default elementor-section-height-default\\\" data-id=\\\"6a6603f\\\" data-element_type=\\\"section\\\" data-settings=\\\"{&quot;stretch_section&quot;:&quot;section-stretched&quot;}\\\">\\n\\t\\t\\t\\t\\t\\t<div class=\\\"elementor-container elementor-column-gap-default\\\">\\n\\t\\t\\t\\t\\t<div class=\\\"elementor-column elementor-col-50 elementor-top-column elementor-element elementor-element-c22d699\\\" data-id=\\\"c22d699\\\" data-element_type=\\\"column\\\">\\n\\t\\t\\t<div class=\\\"elementor-widget-wrap elementor-element-populated\\\">\\n\\t\\t\\t\\t\\t\\t<div class=\\\"elementor-element elementor-element-e997028 elementor-widget elementor-widget-spacer\\\" data-id=\\\"e997028\\\" data-element_type=\\\"widget\\\" data-widget_type=\\\"spacer.default\\\">\\n\\t\\t\\t\\t<div class=\\\"elementor-widget-container\\\">\\n\\t\\t\\t\\t\\t\\t\\t<div class=\\\"elementor-spacer\\\">\\n\\t\\t\\t<div class=\\\"elementor-spacer-inner\\\"><\\\/div>\\n\\t\\t<\\\/div>\\n\\t\\t\\t\\t\\t\\t<\\\/div>\\n\\t\\t\\t\\t<\\\/div>\\n\\t\\t\\t\\t<div class=\\\"elementor-element elementor-element-003e685 elementor-widget elementor-widget-heading\\\" data-id=\\\"003e685\\\" data-element_type=\\\"widget\\\" data-widget_type=\\\"heading.default\\\">\\n\\t\\t\\t\\t<div class=\\\"elementor-widget-container\\\">\\n\\t\\t\\t\\t\\t<h2 class=\\\"elementor-heading-title elementor-size-default\\\">La empresa<\\\/h2>\\t\\t\\t\\t<\\\/div>\\n\\t\\t\\t\\t<\\\/div>\\n\\t\\t\\t\\t<div class=\\\"elementor-element elementor-element-440ab95 elementor-widget elementor-widget-heading\\\" data-id=\\\"440ab95\\\" data-element_type=\\\"widget\\\" data-widget_type=\\\"heading.default\\\">\\n\\t\\t\\t\\t<div class=\\\"elementor-widget-container\\\">\\n\\t\\t\\t\\t\\t<h3 class=\\\"elementor-heading-title elementor-size-default\\\">M\\u00e1s de 20 a\\u00f1os de experiencia avalan nuestro compromiso atendiendo al gremio.<\\\/h3>\\t\\t\\t\\t<\\\/div>\\n\\t\\t\\t\\t<\\\/div>\\n\\t\\t[elementor-element k=\\\"6ea82422cf40582bd7d37ba5f2e6a550\\\" data=\\\"eyJpZCI6IjRjODQxNDEiLCJlbFR5cGUiOiJ3aWRnZXQiLCJzZXR0aW5ncyI6eyJlZGl0b3IiOiI8cD5Ob3MgZXNwZWNpYWxpemFtb3MgZW4gZWwgY2FtYmlvIGRlIHZpZHJpb3MgeSByZWZ1cmJpc2hlZCBkZSBtb2R1bG9zIGRlIHNhbXN1bmcgLCBtb3Rvcm9sYSB5IGlwaG9uZS48XC9wPjxwPkNhbWJpbyBkZSB0YXBhIHRyYXNlcmEgZGUgaXBob25lIChjb24gbGFzZXIpLjxcL3A+IiwiX21hcmdpbiI6eyJ1bml0IjoicHgiLCJ0b3AiOiIwMjAiLCJyaWdodCI6IjQwIiwiYm90dG9tIjoiMjAiLCJsZWZ0IjoiMCIsImlzTGlua2VkIjpmYWxzZX19LCJlbGVtZW50cyI6W10sIndpZGdldFR5cGUiOiJ0ZXh0LWVkaXRvciJ9\\\"][elementor-element k=\\\"6ea82422cf40582bd7d37ba5f2e6a550\\\" data=\\\"eyJpZCI6IjJhNDE2YzQiLCJlbFR5cGUiOiJ3aWRnZXQiLCJzZXR0aW5ncyI6eyJlZGl0b3IiOiI8cD5Db250YW1vcyBjb24gbG9zIG1lam9yZXMgcHJlY2lvcyBkZWwgbWVyY2Fkby4gQXRlbmNpXHUwMGYzbiBwZXJzb25hbGl6YWRhLCBzb3BvcnRlIHkgYXNpc3RlbmNpYSB0XHUwMGU5Y25pY2EgZXNwZWNpYWxpemFkYS4gRWwgbWVqb3Igc2VydmljaW8gZ2FyYW50aXphZG8gY29uIHByZWNpb3MgZXNwZWNpYWxlcyBwYXJhIGVsIGdyZW1pby4gU29saWNpdGUgc3UgYWRoZXNpXHUwMGYzbiB5IGNvbm96Y2EgbGFzIHZlbnRhamFzIGRlIGNvbnRhciBjb24gdW4gc2VydmljaW8gcHJvZmVzaW9uYWwsIHJlc3BhbGRhZG8gcG9yIE1PTCBDb211bmljYWNpb25lcy48XC9wPiIsIl9tYXJnaW4iOnsidW5pdCI6InB4IiwidG9wIjoiMCIsInJpZ2h0IjoiNDAiLCJib3R0b20iOiI0MCIsImxlZnQiOiIwIiwiaXNMaW5rZWQiOmZhbHNlfX0sImVsZW1lbnRzIjpbXSwid2lkZ2V0VHlwZSI6InRleHQtZWRpdG9yIn0=\\\"]\\t\\t<div class=\\\"elementor-element elementor-element-8345cbc elementor-widget elementor-widget-button\\\" data-id=\\\"8345cbc\\\" data-element_type=\\\"widget\\\" data-widget_type=\\\"button.default\\\">\\n\\t\\t\\t\\t<div class=\\\"elementor-widget-container\\\">\\n\\t\\t\\t\\t\\t\\t\\t\\t\\t<div class=\\\"elementor-button-wrapper\\\">\\n\\t\\t\\t\\t\\t<a class=\\\"elementor-button elementor-button-link elementor-size-sm\\\" href=\\\"https:\\\/\\\/molcomunicaciones.com.ar\\\/index.php\\\/contacto\\\/\\\">\\n\\t\\t\\t\\t\\t\\t<span class=\\\"elementor-button-content-wrapper\\\">\\n\\t\\t\\t\\t\\t\\t\\t\\t\\t<span class=\\\"elementor-button-text\\\">Contactar<\\\/span>\\n\\t\\t\\t\\t\\t<\\\/span>\\n\\t\\t\\t\\t\\t<\\\/a>\\n\\t\\t\\t\\t<\\\/div>\\n\\t\\t\\t\\t\\t\\t\\t\\t<\\\/div>\\n\\t\\t\\t\\t<\\\/div>\\n\\t\\t\\t\\t\\t<\\\/div>\\n\\t\\t<\\\/div>\\n\\t\\t\\t\\t<div class=\\\"elementor-column elementor-col-50 elementor-top-column elementor-element elementor-element-d36104f\\\" data-id=\\\"d36104f\\\" data-element_type=\\\"column\\\">\\n\\t\\t\\t<div class=\\\"elementor-widget-wrap elementor-element-populated\\\">\\n\\t\\t\\t\\t\\t\\t<div class=\\\"elementor-element elementor-element-286736f elementor-widget elementor-widget-image\\\" data-id=\\\"286736f\\\" data-element_type=\\\"widget\\\" data-widget_type=\\\"image.default\\\">\\n\\t\\t\\t\\t<div class=\\\"elementor-widget-container\\\">\\n\\t\\t\\t\\t\\t\\t\\t\\t\\t\\t\\t\\t\\t\\t\\t<img width=\\\"819\\\" height=\\\"1024\\\" src=\\\"https:\\\/\\\/molcomunicaciones.com.ar\\\/wp-content\\\/uploads\\\/2023\\\/06\\\/derecha-819x1024.png\\\" class=\\\"attachment-large size-large wp-image-1682\\\" alt=\\\"\\\" srcset=\\\"https:\\\/\\\/molcomunicaciones.com.ar\\\/wp-content\\\/uploads\\\/2023\\\/06\\\/derecha-819x1024.png 819w, https:\\\/\\\/molcomunicaciones.com.ar\\\/wp-content\\\/uploads\\\/2023\\\/06\\\/derecha-240x300.png 240w, https:\\\/\\\/molcomunicaciones.com.ar\\\/wp-content\\\/uploads\\\/2023\\\/06\\\/derecha-768x960.png 768w, https:\\\/\\\/molcomunicaciones.com.ar\\\/wp-content\\\/uploads\\\/2023\\\/06\\\/derecha-600x750.png 600w, https:\\\/\\\/molcomunicaciones.com.ar\\\/wp-content\\\/uploads\\\/2023\\\/06\\\/derecha.png 960w\\\" sizes=\\\"(max-width: 819px) 100vw, 819px\\\" \\\/>\\t\\t\\t\\t\\t\\t\\t\\t\\t\\t\\t\\t\\t\\t\\t<\\\/div>\\n\\t\\t\\t\\t<\\\/div>\\n\\t\\t\\t\\t\\t<\\\/div>\\n\\t\\t<\\\/div>\\n\\t\\t\\t\\t\\t<\\\/div>\\n\\t\\t<\\\/section>\\n\\t\\t\",\"scripts\":[],\"styles\":[]}}"]},"_links":{"self":[{"href":"https:\/\/molcomunicaciones.com.ar\/index.php\/wp-json\/wp\/v2\/pages\/1679","targetHints":{"allow":["GET"]}}],"collection":[{"href":"https:\/\/molcomunicaciones.com.ar\/index.php\/wp-json\/wp\/v2\/pages"}],"about":[{"href":"https:\/\/molcomunicaciones.com.ar\/index.php\/wp-json\/wp\/v2\/types\/page"}],"author":[{"embeddable":true,"href":"https:\/\/molcomunicaciones.com.ar\/index.php\/wp-json\/wp\/v2\/users\/1"}],"replies":[{"embeddable":true,"href":"https:\/\/molcomunicaciones.com.ar\/index.php\/wp-json\/wp\/v2\/comments?post=1679"}],"version-history":[{"count":13,"href":"https:\/\/molcomunicaciones.com.ar\/index.php\/wp-json\/wp\/v2\/pages\/1679\/revisions"}],"predecessor-version":[{"id":2754,"href":"https:\/\/molcomunicaciones.com.ar\/index.php\/wp-json\/wp\/v2\/pages\/1679\/revisions\/2754"}],"wp:attachment":[{"href":"https:\/\/molcomunicaciones.com.ar\/index.php\/wp-json\/wp\/v2\/media?parent=1679"}],"curies":[{"name":"wp","href":"https:\/\/api.w.org\/{rel}","templated":true}]}}