{"id":1656,"date":"2023-06-02T20:03:36","date_gmt":"2023-06-02T20:03:36","guid":{"rendered":"https:\/\/molcomunicaciones.com.ar\/?post_type=product&#038;p=1656"},"modified":"2025-06-01T18:01:59","modified_gmt":"2025-06-01T18:01:59","slug":"dr2-max","status":"publish","type":"product","link":"https:\/\/molcomunicaciones.com.ar\/index.php\/product\/dr2-max\/","title":{"rendered":"DR2 MAX"},"content":{"rendered":"<p>Contamos con los mejores precios del mercado. Atenci\u00f3n personalizada, soporte y asistencia t\u00e9cnica especializada. El mejor servicio garantizado con precios especiales para el gremio. Solicite su adhesi\u00f3n y conozca las ventajas de contar con un servicio profesional, respaldado por MOL Comunicaciones.<\/p>\n","protected":false},"excerpt":{"rendered":"<p>Contamos con los mejores precios del mercado. Atenci\u00f3n personalizada, soporte y asistencia t\u00e9cnica especializada. El mejor servicio garantizado con precios especiales para el gremio. Solicite su adhesi\u00f3n y conozca las ventajas de contar con un servicio profesional, respaldado por MOL Comunicaciones.<\/p>\n","protected":false},"featured_media":1647,"comment_status":"open","ping_status":"closed","template":"","meta":[],"product_brand":[],"product_cat":[57,62],"product_tag":[],"class_list":{"0":"post-1656","1":"product","2":"type-product","3":"status-publish","4":"has-post-thumbnail","6":"product_cat-accesorios","7":"product_cat-maquinas","9":"first","10":"outofstock","11":"sale","12":"shipping-taxable","13":"purchasable","14":"product-type-simple"},"_links":{"self":[{"href":"https:\/\/molcomunicaciones.com.ar\/index.php\/wp-json\/wp\/v2\/product\/1656","targetHints":{"allow":["GET"]}}],"collection":[{"href":"https:\/\/molcomunicaciones.com.ar\/index.php\/wp-json\/wp\/v2\/product"}],"about":[{"href":"https:\/\/molcomunicaciones.com.ar\/index.php\/wp-json\/wp\/v2\/types\/product"}],"replies":[{"embeddable":true,"href":"https:\/\/molcomunicaciones.com.ar\/index.php\/wp-json\/wp\/v2\/comments?post=1656"}],"wp:featuredmedia":[{"embeddable":true,"href":"https:\/\/molcomunicaciones.com.ar\/index.php\/wp-json\/wp\/v2\/media\/1647"}],"wp:attachment":[{"href":"https:\/\/molcomunicaciones.com.ar\/index.php\/wp-json\/wp\/v2\/media?parent=1656"}],"wp:term":[{"taxonomy":"product_brand","embeddable":true,"href":"https:\/\/molcomunicaciones.com.ar\/index.php\/wp-json\/wp\/v2\/product_brand?post=1656"},{"taxonomy":"product_cat","embeddable":true,"href":"https:\/\/molcomunicaciones.com.ar\/index.php\/wp-json\/wp\/v2\/product_cat?post=1656"},{"taxonomy":"product_tag","embeddable":true,"href":"https:\/\/molcomunicaciones.com.ar\/index.php\/wp-json\/wp\/v2\/product_tag?post=1656"}],"curies":[{"name":"wp","href":"https:\/\/api.w.org\/{rel}","templated":true}]}}