{"id":1955,"date":"2024-11-12T18:27:34","date_gmt":"2024-11-12T18:27:34","guid":{"rendered":"https:\/\/molcomunicaciones.com.ar\/?post_type=product&#038;p=1955"},"modified":"2025-06-01T19:03:51","modified_gmt":"2025-06-01T19:03:51","slug":"precalentadora-mechanic-et-10","status":"publish","type":"product","link":"https:\/\/molcomunicaciones.com.ar\/index.php\/product\/precalentadora-mechanic-et-10\/","title":{"rendered":"Precalentadora Mechanic ET-10"},"content":{"rendered":"<ul>\n<li><strong>Control de temperatura estable y precisa.<\/strong><\/li>\n<li><strong>Alta conductividad t\u00e9rmica, calentamiento r\u00e1pido y uniforme. No produce deformaciones por altas temperaturas.<\/strong><\/li>\n<li><strong>Alta resistencia a la temperatura.<\/strong><\/li>\n<li><strong>Permite la pre-configuraci\u00f3n de tres tipos de memorias de temperaturas, seg\u00fan la necesidad de trabajo que se est\u00e9 desempe\u00f1ando.<\/strong><\/li>\n<\/ul>\n","protected":false},"excerpt":{"rendered":"<ul>\n<li><strong>Control de temperatura estable y precisa.<\/strong><\/li>\n<li><strong>Alta conductividad t\u00e9rmica, calentamiento r\u00e1pido y uniforme. No produce deformaciones por altas temperaturas.<\/strong><\/li>\n<li><strong>Alta resistencia a la temperatura.<\/strong><\/li>\n<li><strong>Permite la pre-configuraci\u00f3n de tres tipos de memorias de temperaturas, seg\u00fan la necesidad de trabajo que se est\u00e9 desempe\u00f1ando.<\/strong><\/li>\n<\/ul>\n","protected":false},"featured_media":1956,"comment_status":"open","ping_status":"closed","template":"","meta":[],"product_brand":[],"product_cat":[62],"product_tag":[],"class_list":{"0":"post-1955","1":"product","2":"type-product","3":"status-publish","4":"has-post-thumbnail","6":"product_cat-maquinas","8":"first","9":"outofstock","10":"shipping-taxable","11":"purchasable","12":"product-type-simple"},"_links":{"self":[{"href":"https:\/\/molcomunicaciones.com.ar\/index.php\/wp-json\/wp\/v2\/product\/1955","targetHints":{"allow":["GET"]}}],"collection":[{"href":"https:\/\/molcomunicaciones.com.ar\/index.php\/wp-json\/wp\/v2\/product"}],"about":[{"href":"https:\/\/molcomunicaciones.com.ar\/index.php\/wp-json\/wp\/v2\/types\/product"}],"replies":[{"embeddable":true,"href":"https:\/\/molcomunicaciones.com.ar\/index.php\/wp-json\/wp\/v2\/comments?post=1955"}],"wp:featuredmedia":[{"embeddable":true,"href":"https:\/\/molcomunicaciones.com.ar\/index.php\/wp-json\/wp\/v2\/media\/1956"}],"wp:attachment":[{"href":"https:\/\/molcomunicaciones.com.ar\/index.php\/wp-json\/wp\/v2\/media?parent=1955"}],"wp:term":[{"taxonomy":"product_brand","embeddable":true,"href":"https:\/\/molcomunicaciones.com.ar\/index.php\/wp-json\/wp\/v2\/product_brand?post=1955"},{"taxonomy":"product_cat","embeddable":true,"href":"https:\/\/molcomunicaciones.com.ar\/index.php\/wp-json\/wp\/v2\/product_cat?post=1955"},{"taxonomy":"product_tag","embeddable":true,"href":"https:\/\/molcomunicaciones.com.ar\/index.php\/wp-json\/wp\/v2\/product_tag?post=1955"}],"curies":[{"name":"wp","href":"https:\/\/api.w.org\/{rel}","templated":true}]}}