{"id":1957,"date":"2024-11-12T18:46:39","date_gmt":"2024-11-12T18:46:39","guid":{"rendered":"https:\/\/molcomunicaciones.com.ar\/?post_type=product&#038;p=1957"},"modified":"2025-06-01T19:03:14","modified_gmt":"2025-06-01T19:03:14","slug":"lampara-de-curado-uv","status":"publish","type":"product","link":"https:\/\/molcomunicaciones.com.ar\/index.php\/product\/lampara-de-curado-uv\/","title":{"rendered":"L\u00e1mpara de Curado UV"},"content":{"rendered":"<p><strong>Sirve para curado de pegamento UV, pegamento \u00f3ptico de aceite verde.<\/strong><br \/>\n<strong>Se puede utilizar para pintura al \u00f3leo fotogr\u00e1fica, fototerapia, detecci\u00f3n de agentes fluorescentes, falsificaci\u00f3n de billetes, etc.<\/strong><br \/>\n<strong>Hay tres marchas fuertes, d\u00e9biles y parpadeantes.<\/strong><br \/>\n<strong>Potencia: 10 W.<\/strong><br \/>\n<strong>Tama\u00f1o: (aproximadamente) cable x 1 m, 40 mm.<\/strong><br \/>\n<strong>Tipo: luz UV LED.<\/strong><\/p>\n","protected":false},"excerpt":{"rendered":"<p><strong>Sirve para curado de pegamento UV, pegamento \u00f3ptico de aceite verde.<\/strong><br \/>\n<strong>Se puede utilizar para pintura al \u00f3leo fotogr\u00e1fica, fototerapia, detecci\u00f3n de agentes fluorescentes, falsificaci\u00f3n de billetes, etc.<\/strong><br \/>\n<strong>Hay tres marchas fuertes, d\u00e9biles y parpadeantes.<\/strong><br \/>\n<strong>Potencia: 10 W.<\/strong><br \/>\n<strong>Tama\u00f1o: (aproximadamente) cable x 1 m, 40 mm.<\/strong><br \/>\n<strong>Tipo: luz UV LED.<\/strong><\/p>\n","protected":false},"featured_media":1958,"comment_status":"open","ping_status":"closed","template":"","meta":[],"product_brand":[],"product_cat":[62],"product_tag":[],"class_list":{"0":"post-1957","1":"product","2":"type-product","3":"status-publish","4":"has-post-thumbnail","6":"product_cat-maquinas","8":"first","9":"instock","10":"shipping-taxable","11":"purchasable","12":"product-type-simple"},"_links":{"self":[{"href":"https:\/\/molcomunicaciones.com.ar\/index.php\/wp-json\/wp\/v2\/product\/1957","targetHints":{"allow":["GET"]}}],"collection":[{"href":"https:\/\/molcomunicaciones.com.ar\/index.php\/wp-json\/wp\/v2\/product"}],"about":[{"href":"https:\/\/molcomunicaciones.com.ar\/index.php\/wp-json\/wp\/v2\/types\/product"}],"replies":[{"embeddable":true,"href":"https:\/\/molcomunicaciones.com.ar\/index.php\/wp-json\/wp\/v2\/comments?post=1957"}],"wp:featuredmedia":[{"embeddable":true,"href":"https:\/\/molcomunicaciones.com.ar\/index.php\/wp-json\/wp\/v2\/media\/1958"}],"wp:attachment":[{"href":"https:\/\/molcomunicaciones.com.ar\/index.php\/wp-json\/wp\/v2\/media?parent=1957"}],"wp:term":[{"taxonomy":"product_brand","embeddable":true,"href":"https:\/\/molcomunicaciones.com.ar\/index.php\/wp-json\/wp\/v2\/product_brand?post=1957"},{"taxonomy":"product_cat","embeddable":true,"href":"https:\/\/molcomunicaciones.com.ar\/index.php\/wp-json\/wp\/v2\/product_cat?post=1957"},{"taxonomy":"product_tag","embeddable":true,"href":"https:\/\/molcomunicaciones.com.ar\/index.php\/wp-json\/wp\/v2\/product_tag?post=1957"}],"curies":[{"name":"wp","href":"https:\/\/api.w.org\/{rel}","templated":true}]}}