{"id":2297,"date":"2025-01-10T19:42:14","date_gmt":"2025-01-10T19:42:14","guid":{"rendered":"https:\/\/molcomunicaciones.com.ar\/?post_type=product&#038;p=2297"},"modified":"2025-06-01T18:29:33","modified_gmt":"2025-06-01T18:29:33","slug":"removedor-de-oca-eg155-mechanic","status":"publish","type":"product","link":"https:\/\/molcomunicaciones.com.ar\/index.php\/product\/removedor-de-oca-eg155-mechanic\/","title":{"rendered":"Removedor de Oca EG155 Mechanic"},"content":{"rendered":"<p>Kit cer\u00e1mico removedor de pegamento y polarizado MECHANIC EG155<br \/>\nEs utilizado para remover el polarizado y el pegamento de la l\u00e1mina OCA de m\u00f3dulos de pantalla de tel\u00e9fonos celulares, cuando se est\u00e1n reparando para lograr una re manufacturaci\u00f3n \u00f3ptima.<br \/>\nEl mango de soporte proporciona un modo de trabajo m\u00e1s pr\u00e1ctico y eficiente, tambi\u00e9n aportando una seguridad mayor al no tener contacto directo de la mano con la hoja cer\u00e1mica.<\/p>\n<p>CARACTER\u00cdSTICAS<\/p>\n<p>&#8211; Alta resistencia a la temperatura<br \/>\n&#8211; Sin conductividad t\u00e9rmica<br \/>\n&#8211; Alta resistencia a la corrosi\u00f3n<br \/>\n&#8211; Alta dureza<br \/>\n&#8211; Mayor duraci\u00f3n en comparaci\u00f3n con otras hojas de corte<\/p>\n","protected":false},"excerpt":{"rendered":"<p>Es utilizado para remover el polarizado y el pegamento de la l\u00e1mina OCA de m\u00f3dulos<\/p>\n","protected":false},"featured_media":2298,"comment_status":"open","ping_status":"closed","template":"","meta":[],"product_brand":[],"product_cat":[57],"product_tag":[],"class_list":{"0":"post-2297","1":"product","2":"type-product","3":"status-publish","4":"has-post-thumbnail","6":"product_cat-accesorios","8":"first","9":"outofstock","10":"shipping-taxable","11":"purchasable","12":"product-type-simple"},"_links":{"self":[{"href":"https:\/\/molcomunicaciones.com.ar\/index.php\/wp-json\/wp\/v2\/product\/2297","targetHints":{"allow":["GET"]}}],"collection":[{"href":"https:\/\/molcomunicaciones.com.ar\/index.php\/wp-json\/wp\/v2\/product"}],"about":[{"href":"https:\/\/molcomunicaciones.com.ar\/index.php\/wp-json\/wp\/v2\/types\/product"}],"replies":[{"embeddable":true,"href":"https:\/\/molcomunicaciones.com.ar\/index.php\/wp-json\/wp\/v2\/comments?post=2297"}],"wp:featuredmedia":[{"embeddable":true,"href":"https:\/\/molcomunicaciones.com.ar\/index.php\/wp-json\/wp\/v2\/media\/2298"}],"wp:attachment":[{"href":"https:\/\/molcomunicaciones.com.ar\/index.php\/wp-json\/wp\/v2\/media?parent=2297"}],"wp:term":[{"taxonomy":"product_brand","embeddable":true,"href":"https:\/\/molcomunicaciones.com.ar\/index.php\/wp-json\/wp\/v2\/product_brand?post=2297"},{"taxonomy":"product_cat","embeddable":true,"href":"https:\/\/molcomunicaciones.com.ar\/index.php\/wp-json\/wp\/v2\/product_cat?post=2297"},{"taxonomy":"product_tag","embeddable":true,"href":"https:\/\/molcomunicaciones.com.ar\/index.php\/wp-json\/wp\/v2\/product_tag?post=2297"}],"curies":[{"name":"wp","href":"https:\/\/api.w.org\/{rel}","templated":true}]}}