{"id":2664,"date":"2025-06-03T18:01:57","date_gmt":"2025-06-03T18:01:57","guid":{"rendered":"https:\/\/molcomunicaciones.com.ar\/?post_type=product&#038;p=2664"},"modified":"2025-10-29T16:24:11","modified_gmt":"2025-10-29T16:24:11","slug":"kit-tecladomouse-auricularesmousepad-jeqang-jk-988","status":"publish","type":"product","link":"https:\/\/molcomunicaciones.com.ar\/index.php\/product\/kit-tecladomouse-auricularesmousepad-jeqang-jk-988\/","title":{"rendered":"KIT TECLADO+MOUSE +AURICULARES+MOUSEPAD JEQANG JK-988"},"content":{"rendered":"<p>KIT TECLADO+MOUSE+AURICULARES+MOUSEPAD JEQANG JK-988<\/p>\n<p>\u00a1Combo Gamer 4 en 1 JEQANG JK-988 con Retroiluminaci\u00f3n LED!<\/p>\n<p>Caracter\u00edsticas:<\/p>\n<p>Teclado con retroiluminaci\u00f3n rainbow, teclas resistentes con tecnolog\u00eda UV y dise\u00f1o ergon\u00f3mico.<br \/>\nMouse con dise\u00f1o panal (honeycomb), retroiluminado, c\u00f3modo y preciso.<br \/>\nAuriculares con diadema ajustable, sonido envolvente y micr\u00f3fono incorporado.<br \/>\nGamepad ideal para juegos de acci\u00f3n y carreras (Dise\u00f1o aleatorio)<\/p>\n<p>Especificaciones t\u00e9cnicas:<\/p>\n<p>Conexi\u00f3n: USB cableado (Plug &amp; Play)<br \/>\nTeclado: 534g, medidas: 445x130x32mm<br \/>\nMouse: 70g, medidas: 130x60x35mm<br \/>\nAuriculares: 150g, medidas: 185x95x24mm, conectores 3.5mm y 3.5mmx2<\/p>\n<p>Luces LED: Retroiluminaci\u00f3n Rainbow ajustable<br \/>\nCompatibilidad: PC y notebooks con Windows, Mac, etc.<\/p>\n<p>\u00a1Ideal para gamers que buscan estilo, comodidad y rendimiento al mejor precio!<\/p>\n","protected":false},"excerpt":{"rendered":"<p>KIT TECLADO+MOUSE+AURICULARES+MOUSEPAD JEQANG JK-988 \u00a1Combo Gamer 4 en 1 JEQANG JK-988 con Retroiluminaci\u00f3n LED! Caracter\u00edsticas: Teclado con retroiluminaci\u00f3n rainbow, teclas&#8230;<\/p>\n","protected":false},"featured_media":2665,"comment_status":"open","ping_status":"closed","template":"","meta":[],"product_brand":[],"product_cat":[71],"product_tag":[],"class_list":{"0":"post-2664","1":"product","2":"type-product","3":"status-publish","4":"has-post-thumbnail","6":"product_cat-accesorios-informatica","8":"first","9":"instock","10":"shipping-taxable","11":"purchasable","12":"product-type-simple"},"_links":{"self":[{"href":"https:\/\/molcomunicaciones.com.ar\/index.php\/wp-json\/wp\/v2\/product\/2664","targetHints":{"allow":["GET"]}}],"collection":[{"href":"https:\/\/molcomunicaciones.com.ar\/index.php\/wp-json\/wp\/v2\/product"}],"about":[{"href":"https:\/\/molcomunicaciones.com.ar\/index.php\/wp-json\/wp\/v2\/types\/product"}],"replies":[{"embeddable":true,"href":"https:\/\/molcomunicaciones.com.ar\/index.php\/wp-json\/wp\/v2\/comments?post=2664"}],"wp:featuredmedia":[{"embeddable":true,"href":"https:\/\/molcomunicaciones.com.ar\/index.php\/wp-json\/wp\/v2\/media\/2665"}],"wp:attachment":[{"href":"https:\/\/molcomunicaciones.com.ar\/index.php\/wp-json\/wp\/v2\/media?parent=2664"}],"wp:term":[{"taxonomy":"product_brand","embeddable":true,"href":"https:\/\/molcomunicaciones.com.ar\/index.php\/wp-json\/wp\/v2\/product_brand?post=2664"},{"taxonomy":"product_cat","embeddable":true,"href":"https:\/\/molcomunicaciones.com.ar\/index.php\/wp-json\/wp\/v2\/product_cat?post=2664"},{"taxonomy":"product_tag","embeddable":true,"href":"https:\/\/molcomunicaciones.com.ar\/index.php\/wp-json\/wp\/v2\/product_tag?post=2664"}],"curies":[{"name":"wp","href":"https:\/\/api.w.org\/{rel}","templated":true}]}}