{"id":2699,"date":"2025-06-04T20:28:20","date_gmt":"2025-06-04T20:28:20","guid":{"rendered":"https:\/\/molcomunicaciones.com.ar\/?post_type=product&#038;p=2699"},"modified":"2025-10-29T16:23:02","modified_gmt":"2025-10-29T16:23:02","slug":"mouse-bluetooth-jeqang-jw-209","status":"publish","type":"product","link":"https:\/\/molcomunicaciones.com.ar\/index.php\/product\/mouse-bluetooth-jeqang-jw-209\/","title":{"rendered":"MOUSE BLUETOOTH JEQANG JW-209"},"content":{"rendered":"<p>MOUSE BLUETOOTH JEQANG JW-209<\/p>\n<div class=\"attribute-list\">\n<div class=\"attribute-item\">\n<div class=\"left\" data-spm-anchor-id=\"a2700.details.0.i65.369d92c6MIeBcC\">Tipo:\u00a0Inal\u00e1mbrico de 2,4 GHz<\/div>\n<\/div>\n<div class=\"attribute-item\">\n<div class=\"left\" data-spm-anchor-id=\"a2700.details.0.i64.369d92c6MIeBcC\">Tipo de interfaz:\u00a0Usb<\/div>\n<\/div>\n<div class=\"attribute-item\">\n<div class=\"left\">N\u00famero de botones:\u00a03<\/div>\n<\/div>\n<div class=\"attribute-item\">\n<div class=\"left\">DPI:\u00a0Conmutable<\/div>\n<\/div>\n<\/div>\n<div class=\"attribute-list\">\n<div class=\"attribute-item\">\n<div class=\"left\">M\u00e9todo de seguimiento:\u00d3ptico<\/div>\n<div class=\"left\">Tama\u00f1o:7X4X15 cm<\/div>\n<\/div>\n<div class=\"attribute-item\">\n<div class=\"left\">Peso:70grs<\/div>\n<\/div>\n<\/div>\n<p>&nbsp;<\/p>\n<ul>\n<li data-spm-anchor-id=\"a2700.details.0.i61.369d92c6MIeBcC\">Libertad inal\u00e1mbrica: disfrute de la comodidad de la conectividad inal\u00e1mbrica 2,4G, lo que le permite navegar sin problemas a trav\u00e9s de su computadora de escritorio o port\u00e1til sin la molestia de los cables.<\/li>\n<li>Dise\u00f1o ergon\u00f3mico: Este rat\u00f3n est\u00e1 dise\u00f1ado para caber c\u00f3modamente en su mano, proporcionando un soporte \u00f3ptimo y reduciendo la fatiga durante el uso prolongado, ideal para usuarios que pasan largas horas trabajando en sus computadoras.<\/li>\n<li>DPI conmutable: Ajuste la sensibilidad de su mouse para que se adapte a sus preferencias, desde el trabajo preciso hasta la navegaci\u00f3n r\u00e1pida, con el simple interruptor a su alcance.<\/li>\n<li>Duraci\u00f3n de la bater\u00eda de larga duraci\u00f3n: Con un dise\u00f1o alimentado por bater\u00eda, Este mouse proporciona un rendimiento confiable durante per\u00edodos prolongados, minimizando la necesidad de recargas frecuentes o reemplazos de bater\u00edas.<\/li>\n<li>Compatibilidad Multiplataforma: Adecuado para usuarios de computadoras de escritorio y port\u00e1tiles, Este mouse inal\u00e1mbrico es un accesorio vers\u00e1til para personas que trabajan en diferentes dispositivos, incluidos aquellos que requieren portabilidad y conveniencia<\/li>\n<\/ul>\n","protected":false},"excerpt":{"rendered":"<p>MOUSE BLUETOOTH JEQANG JW-209 Tipo:\u00a0Inal\u00e1mbrico de 2,4 GHz Tipo de interfaz:\u00a0Usb N\u00famero de botones:\u00a03 DPI:\u00a0Conmutable M\u00e9todo de seguimiento:\u00d3ptico Tama\u00f1o:7X4X15 cm&#8230;<\/p>\n","protected":false},"featured_media":2700,"comment_status":"open","ping_status":"closed","template":"","meta":[],"product_brand":[],"product_cat":[15],"product_tag":[],"class_list":{"0":"post-2699","1":"product","2":"type-product","3":"status-publish","4":"has-post-thumbnail","6":"product_cat-uncategorized","8":"first","9":"instock","10":"shipping-taxable","11":"purchasable","12":"product-type-simple"},"_links":{"self":[{"href":"https:\/\/molcomunicaciones.com.ar\/index.php\/wp-json\/wp\/v2\/product\/2699","targetHints":{"allow":["GET"]}}],"collection":[{"href":"https:\/\/molcomunicaciones.com.ar\/index.php\/wp-json\/wp\/v2\/product"}],"about":[{"href":"https:\/\/molcomunicaciones.com.ar\/index.php\/wp-json\/wp\/v2\/types\/product"}],"replies":[{"embeddable":true,"href":"https:\/\/molcomunicaciones.com.ar\/index.php\/wp-json\/wp\/v2\/comments?post=2699"}],"wp:featuredmedia":[{"embeddable":true,"href":"https:\/\/molcomunicaciones.com.ar\/index.php\/wp-json\/wp\/v2\/media\/2700"}],"wp:attachment":[{"href":"https:\/\/molcomunicaciones.com.ar\/index.php\/wp-json\/wp\/v2\/media?parent=2699"}],"wp:term":[{"taxonomy":"product_brand","embeddable":true,"href":"https:\/\/molcomunicaciones.com.ar\/index.php\/wp-json\/wp\/v2\/product_brand?post=2699"},{"taxonomy":"product_cat","embeddable":true,"href":"https:\/\/molcomunicaciones.com.ar\/index.php\/wp-json\/wp\/v2\/product_cat?post=2699"},{"taxonomy":"product_tag","embeddable":true,"href":"https:\/\/molcomunicaciones.com.ar\/index.php\/wp-json\/wp\/v2\/product_tag?post=2699"}],"curies":[{"name":"wp","href":"https:\/\/api.w.org\/{rel}","templated":true}]}}