{"id":2708,"date":"2025-06-05T13:50:17","date_gmt":"2025-06-05T13:50:17","guid":{"rendered":"https:\/\/molcomunicaciones.com.ar\/?post_type=product&#038;p=2708"},"modified":"2025-06-05T13:50:17","modified_gmt":"2025-06-05T13:50:17","slug":"cable-de-datos-tipo-c-lightning-jeqang-jc-31","status":"publish","type":"product","link":"https:\/\/molcomunicaciones.com.ar\/index.php\/product\/cable-de-datos-tipo-c-lightning-jeqang-jc-31\/","title":{"rendered":"CABLE DE DATOS TIPO C > LIGHTNING JEQANG JC-31"},"content":{"rendered":"<p>CABLE DE DATOS TIPO C &gt; LIGHTNING JEQANG JC-31<\/p>\n<p>\u00a1Carga como un rayo y olv\u00eddate de los cables que se rompen!<\/p>\n<p>Carga r\u00e1pida 6A y transferencia de datos a 480 Mbps.<\/p>\n<p>Fabricado en aleaci\u00f3n de zinc: m\u00e1s resistente que tus ganas de dejar todo para ma\u00f1ana.<\/p>\n<p>Revestimiento de nylon trenzado 24 hilos, ultra flexible y anti-enredos.<\/p>\n<p>Tecnolog\u00eda anti-quiebre: dise\u00f1ado para bancarse tirones y uso intenso.<\/p>\n<p>Compatible con celulares Android, iPhone, tablets y m\u00e1s.<\/p>\n<p>Colores disponibles: negro, verde, azul, gris y naranja. (\u00a1Eleg\u00ed el que combine con tu onda!)<\/p>\n","protected":false},"excerpt":{"rendered":"<p>CABLE DE DATOS TIPO C &gt; LIGHTNING JEQANG JC-31 \u00a1Carga como un rayo y olv\u00eddate de los cables que se&#8230;<\/p>\n","protected":false},"featured_media":2709,"comment_status":"open","ping_status":"closed","template":"","meta":[],"product_brand":[],"product_cat":[15],"product_tag":[],"class_list":{"0":"post-2708","1":"product","2":"type-product","3":"status-publish","4":"has-post-thumbnail","6":"product_cat-uncategorized","8":"first","9":"instock","10":"shipping-taxable","11":"purchasable","12":"product-type-simple"},"_links":{"self":[{"href":"https:\/\/molcomunicaciones.com.ar\/index.php\/wp-json\/wp\/v2\/product\/2708","targetHints":{"allow":["GET"]}}],"collection":[{"href":"https:\/\/molcomunicaciones.com.ar\/index.php\/wp-json\/wp\/v2\/product"}],"about":[{"href":"https:\/\/molcomunicaciones.com.ar\/index.php\/wp-json\/wp\/v2\/types\/product"}],"replies":[{"embeddable":true,"href":"https:\/\/molcomunicaciones.com.ar\/index.php\/wp-json\/wp\/v2\/comments?post=2708"}],"wp:featuredmedia":[{"embeddable":true,"href":"https:\/\/molcomunicaciones.com.ar\/index.php\/wp-json\/wp\/v2\/media\/2709"}],"wp:attachment":[{"href":"https:\/\/molcomunicaciones.com.ar\/index.php\/wp-json\/wp\/v2\/media?parent=2708"}],"wp:term":[{"taxonomy":"product_brand","embeddable":true,"href":"https:\/\/molcomunicaciones.com.ar\/index.php\/wp-json\/wp\/v2\/product_brand?post=2708"},{"taxonomy":"product_cat","embeddable":true,"href":"https:\/\/molcomunicaciones.com.ar\/index.php\/wp-json\/wp\/v2\/product_cat?post=2708"},{"taxonomy":"product_tag","embeddable":true,"href":"https:\/\/molcomunicaciones.com.ar\/index.php\/wp-json\/wp\/v2\/product_tag?post=2708"}],"curies":[{"name":"wp","href":"https:\/\/api.w.org\/{rel}","templated":true}]}}